{"id":101,"date":"2021-11-18T19:31:54","date_gmt":"2021-11-18T18:31:54","guid":{"rendered":"http:\/\/przedszkoleduczki.pl\/?page_id=101"},"modified":"2023-08-20T21:31:15","modified_gmt":"2023-08-20T19:31:15","slug":"plan-dnia-1","status":"publish","type":"page","link":"http:\/\/przedszkoleduczki.pl\/?page_id=101","title":{"rendered":"Plan dnia gr. I"},"content":{"rendered":"\n<p><strong>RAMOWY PLAN DNIA &#8211;\u00a0Grupa S\u00f3wki<\/strong><\/p>\n\n\n\n<p><strong>6.30 &#8211;&nbsp;8.00<\/strong>&nbsp;&nbsp;&#8211;&nbsp;schodzenie si\u0119 dzieci. Zabawy dowolne s\u0142u\u017c\u0105ce realizacji pomys\u0142\u00f3w dzieci. Kontakty indywidualne, np.: rozmowy zgodne z zainteresowaniami.<br><strong>8.00 \u2013 9.00<\/strong>&nbsp;&#8211;&nbsp;&nbsp;czytanie literatury dzieci\u0119cej<br><strong>9.00 &#8211;&nbsp;9.30<\/strong>&nbsp;&nbsp;&#8211;&nbsp;&nbsp;\u015bniadanie<br><strong>9.30 \u2013 11.00<\/strong>&nbsp;&#8211;&nbsp;realizacja podstawy programowej, zaj\u0119cia dodatkowe ( rytmika, religia) teatrzyki, dni tematyczne, zabawy zorganizowane przez ciocie<br><strong>11.00 \u2013 12.00<\/strong>&nbsp;\u2013 czynno\u015bci samoobs\u0142ugowe dzieci zwi\u0105zane z wyj\u015bciem na \u015bwie\u017ce powietrze. Gry i zabawy ruchowe na powietrzu ( w przypadku nieodpowiedniej pogody gry i zabawy ruchowe w salach)<br><strong>12.00 \u2013 13.00<\/strong>&nbsp;&nbsp;&#8211;&nbsp;Obiad<br><strong>13.00 \u2013 14.00<\/strong>&nbsp;&#8211;&nbsp;le\u017cakowanie<br><strong>14.00 &#8211;&nbsp;15.00&nbsp;<\/strong>&#8211;&nbsp;\u0107wiczenia indywidualne z dzie\u0107mi, dostosowane do ich mo\u017cliwo\u015bci, zabawy ko\u0142owe ze \u015bpiewem.<br><strong>15.00 \u2013 15.30<\/strong>&nbsp;&#8211;&nbsp;&nbsp;podwieczorek<br><strong>16.30 &#8211;&nbsp;17.00<\/strong>&nbsp;&#8211;&nbsp;zabawy inspirowane przez dzieci, gry i zabawy edukacyjne, porz\u0105dkowanie Sali.<\/p>\n","protected":false},"excerpt":{"rendered":"<p>RAMOWY PLAN DNIA &#8211;\u00a0Grupa S\u00f3wki 6.30 &#8211;&nbsp;8.00&nbsp;&nbsp;&#8211;&nbsp;schodzenie si\u0119 dzieci. Zabawy dowolne s\u0142u\u017c\u0105ce realizacji pomys\u0142\u00f3w dzieci. Kontakty indywidualne, np.: rozmowy zgodne&hellip;<\/p>\n","protected":false},"author":1,"featured_media":0,"parent":0,"menu_order":0,"comment_status":"closed","ping_status":"closed","template":"","meta":{"footnotes":""},"class_list":["post-101","page","type-page","status-publish","hentry"],"_links":{"self":[{"href":"http:\/\/przedszkoleduczki.pl\/index.php?rest_route=\/wp\/v2\/pages\/101","targetHints":{"allow":["GET"]}}],"collection":[{"href":"http:\/\/przedszkoleduczki.pl\/index.php?rest_route=\/wp\/v2\/pages"}],"about":[{"href":"http:\/\/przedszkoleduczki.pl\/index.php?rest_route=\/wp\/v2\/types\/page"}],"author":[{"embeddable":true,"href":"http:\/\/przedszkoleduczki.pl\/index.php?rest_route=\/wp\/v2\/users\/1"}],"replies":[{"embeddable":true,"href":"http:\/\/przedszkoleduczki.pl\/index.php?rest_route=%2Fwp%2Fv2%2Fcomments&post=101"}],"version-history":[{"count":6,"href":"http:\/\/przedszkoleduczki.pl\/index.php?rest_route=\/wp\/v2\/pages\/101\/revisions"}],"predecessor-version":[{"id":1604,"href":"http:\/\/przedszkoleduczki.pl\/index.php?rest_route=\/wp\/v2\/pages\/101\/revisions\/1604"}],"wp:attachment":[{"href":"http:\/\/przedszkoleduczki.pl\/index.php?rest_route=%2Fwp%2Fv2%2Fmedia&parent=101"}],"curies":[{"name":"wp","href":"https:\/\/api.w.org\/{rel}","templated":true}]}}