{"id":278,"date":"2021-11-22T19:26:44","date_gmt":"2021-11-22T18:26:44","guid":{"rendered":"http:\/\/przedszkoleduczki.pl\/?page_id=278"},"modified":"2021-11-22T19:30:33","modified_gmt":"2021-11-22T18:30:33","slug":"plan-dnia-gr-ii","status":"publish","type":"page","link":"http:\/\/przedszkoleduczki.pl\/?page_id=278","title":{"rendered":"Plan dnia gr. II"},"content":{"rendered":"\n<p><strong>RAMOWY PLAN DNIA &#8211;&nbsp;Grupa Krasnale<\/strong><\/p>\n\n\n\n<p><strong>6.30 &#8211;\u00a08.00<\/strong>\u00a0\u00a0&#8211;\u00a0dzieci przychodz\u0105 do Przedszkola, zabawy indywidualne<br><strong>8.00 \u2013 9.00<\/strong>\u00a0&#8211;\u00a0\u00a0czytanie literatury dzieci\u0119cej<br><strong>9.00 &#8211;\u00a09.30<\/strong>\u00a0\u00a0&#8211;\u00a0\u00a0\u015bniadanie<br><strong>9.30 \u2013 11.00<\/strong>\u00a0&#8211;\u00a0realizacja podstawy programowej, zaj\u0119cia dodatkowe \u00a0( rytmika, religia) teatrzyki, dni tematyczne, zabawy zorganizowane przez ciocie<br><strong>11.00 \u2013 12.00<\/strong>\u00a0\u2013 Przygotowanie do wyj\u015bcia na plac zabaw. Czynno\u015bci samoobs\u0142ugowe dzieci zwi\u0105zane z wyj\u015bciem na \u015bwie\u017ce powietrze. Gry i zabawy ruchowe na powietrzu ( w przypadku nieodpowiedniej pogody gry i zabawy ruchowe w salach)<br><strong>12.00 \u2013 13.00\u00a0<\/strong>&#8211;\u00a0\u00a0obiad<br><strong>13.00 &#8211;\u00a014.30<\/strong>\u00a0&#8211;\u00a0\u00a0le\u017cakowanie<br><strong>14.30-\u00a015.00<\/strong>\u00a0&#8211;\u00a0\u00a0zabawy indywidualne, zaj\u0119cia ko\u0142owe z muzyk\u0105<br><strong>15. 00 \u2013 15.30<\/strong>\u00a0&#8211;\u00a0\u00a0podwieczorek<br><strong>15.30 &#8211;\u00a017.00<\/strong>\u00a0\u00a0&#8211;\u00a0\u00a0zabawy integracyjne, plastyczne, zabawy dowolne wed\u0142ug zainteresowa\u0144.<\/p>\n","protected":false},"excerpt":{"rendered":"<p>RAMOWY PLAN DNIA &#8211;&nbsp;Grupa Krasnale 6.30 &#8211;\u00a08.00\u00a0\u00a0&#8211;\u00a0dzieci przychodz\u0105 do Przedszkola, zabawy indywidualne8.00 \u2013 9.00\u00a0&#8211;\u00a0\u00a0czytanie literatury dzieci\u0119cej9.00 &#8211;\u00a09.30\u00a0\u00a0&#8211;\u00a0\u00a0\u015bniadanie9.30 \u2013 11.00\u00a0&#8211;\u00a0realizacja podstawy&hellip;<\/p>\n","protected":false},"author":1,"featured_media":0,"parent":0,"menu_order":0,"comment_status":"closed","ping_status":"closed","template":"","meta":{"footnotes":""},"class_list":["post-278","page","type-page","status-publish","hentry"],"_links":{"self":[{"href":"http:\/\/przedszkoleduczki.pl\/index.php?rest_route=\/wp\/v2\/pages\/278","targetHints":{"allow":["GET"]}}],"collection":[{"href":"http:\/\/przedszkoleduczki.pl\/index.php?rest_route=\/wp\/v2\/pages"}],"about":[{"href":"http:\/\/przedszkoleduczki.pl\/index.php?rest_route=\/wp\/v2\/types\/page"}],"author":[{"embeddable":true,"href":"http:\/\/przedszkoleduczki.pl\/index.php?rest_route=\/wp\/v2\/users\/1"}],"replies":[{"embeddable":true,"href":"http:\/\/przedszkoleduczki.pl\/index.php?rest_route=%2Fwp%2Fv2%2Fcomments&post=278"}],"version-history":[{"count":3,"href":"http:\/\/przedszkoleduczki.pl\/index.php?rest_route=\/wp\/v2\/pages\/278\/revisions"}],"predecessor-version":[{"id":285,"href":"http:\/\/przedszkoleduczki.pl\/index.php?rest_route=\/wp\/v2\/pages\/278\/revisions\/285"}],"wp:attachment":[{"href":"http:\/\/przedszkoleduczki.pl\/index.php?rest_route=%2Fwp%2Fv2%2Fmedia&parent=278"}],"curies":[{"name":"wp","href":"https:\/\/api.w.org\/{rel}","templated":true}]}}