{"id":80,"date":"2021-11-18T19:10:40","date_gmt":"2021-11-18T18:10:40","guid":{"rendered":"http:\/\/przedszkoleduczki.pl\/?page_id=80"},"modified":"2022-02-23T07:35:02","modified_gmt":"2022-02-23T06:35:02","slug":"rekrutacja","status":"publish","type":"page","link":"http:\/\/przedszkoleduczki.pl\/?page_id=80","title":{"rendered":"Rekrutacja"},"content":{"rendered":"\n<figure class=\"wp-block-image size-large is-style-default\"><a href=\"http:\/\/przedszkoleduczki.pl\/wp-content\/uploads\/2022\/01\/cropped-received_963246451234090.jpeg\"><img loading=\"lazy\" decoding=\"async\" width=\"1024\" height=\"632\" src=\"http:\/\/przedszkoleduczki.pl\/wp-content\/uploads\/2022\/01\/cropped-received_963246451234090-1024x632.jpeg\" alt=\"\" class=\"wp-image-1027\" srcset=\"http:\/\/przedszkoleduczki.pl\/wp-content\/uploads\/2022\/01\/cropped-received_963246451234090-1024x632.jpeg 1024w, http:\/\/przedszkoleduczki.pl\/wp-content\/uploads\/2022\/01\/cropped-received_963246451234090-300x185.jpeg 300w, http:\/\/przedszkoleduczki.pl\/wp-content\/uploads\/2022\/01\/cropped-received_963246451234090-768x474.jpeg 768w, http:\/\/przedszkoleduczki.pl\/wp-content\/uploads\/2022\/01\/cropped-received_963246451234090-1536x947.jpeg 1536w, http:\/\/przedszkoleduczki.pl\/wp-content\/uploads\/2022\/01\/cropped-received_963246451234090-1600x987.jpeg 1600w, http:\/\/przedszkoleduczki.pl\/wp-content\/uploads\/2022\/01\/cropped-received_963246451234090.jpeg 2048w\" sizes=\"auto, (max-width: 1024px) 100vw, 1024px\" \/><\/a><\/figure>\n\n\n\n<p><strong>ZAPROSZENIE<\/strong><\/p>\n\n\n\n<p class=\"has-text-align-left\">Zapraszamy do Niepublicznego Przedszkola i \u017b\u0142obka \u00a0&#8221; Weso\u0142y Skrzat&#8221; w Duczkach.     To nowa plac\u00f3wka o\u015bwiatowa w spokojnej okolic, spe\u0142niaj\u0105ca normy bezpiecze\u0144stwa oraz wymogi higieny. Przestronne sale, bezpieczny plac zabaw oraz w\u0142asny blok \u017cywieniowy. Zapraszamy do naszego przedszkola i \u017c\u0142obka. Rekrutacja trwa!<\/p>\n\n\n\n<p><br>Karty zg\u0142oszeniowe dziecka mo\u017cna pobra\u0107 u wychowawc\u00f3w grup, w sekretariacie przedszkola oraz na stronie internetowej. Wype\u0142nion\u0105 kart\u0119 zg\u0142oszeniow\u0105 prosimy o wys\u0142anie e-mailem na adres podany poni\u017cej oraz o dostarczenie orygina\u0142u dokumentu do naszej plac\u00f3wki w ci\u0105gu 7 dni.<br><strong><br>przedszkolewesolyskrzat@wp.pl<br><br><br>Wszystkie nowo przyj\u0119te przedszkolaki zapraszamy na bezp\u0142atny okres adaptacyjny w ostatnim tygodniu sierpnia.<br><\/strong><\/p>\n","protected":false},"excerpt":{"rendered":"<p>ZAPROSZENIE Zapraszamy do Niepublicznego Przedszkola i \u017b\u0142obka \u00a0&#8221; Weso\u0142y Skrzat&#8221; w Duczkach. To nowa plac\u00f3wka o\u015bwiatowa w spokojnej okolic, spe\u0142niaj\u0105ca&hellip;<\/p>\n","protected":false},"author":1,"featured_media":0,"parent":0,"menu_order":0,"comment_status":"closed","ping_status":"closed","template":"","meta":{"footnotes":""},"class_list":["post-80","page","type-page","status-publish","hentry"],"_links":{"self":[{"href":"http:\/\/przedszkoleduczki.pl\/index.php?rest_route=\/wp\/v2\/pages\/80","targetHints":{"allow":["GET"]}}],"collection":[{"href":"http:\/\/przedszkoleduczki.pl\/index.php?rest_route=\/wp\/v2\/pages"}],"about":[{"href":"http:\/\/przedszkoleduczki.pl\/index.php?rest_route=\/wp\/v2\/types\/page"}],"author":[{"embeddable":true,"href":"http:\/\/przedszkoleduczki.pl\/index.php?rest_route=\/wp\/v2\/users\/1"}],"replies":[{"embeddable":true,"href":"http:\/\/przedszkoleduczki.pl\/index.php?rest_route=%2Fwp%2Fv2%2Fcomments&post=80"}],"version-history":[{"count":6,"href":"http:\/\/przedszkoleduczki.pl\/index.php?rest_route=\/wp\/v2\/pages\/80\/revisions"}],"predecessor-version":[{"id":1167,"href":"http:\/\/przedszkoleduczki.pl\/index.php?rest_route=\/wp\/v2\/pages\/80\/revisions\/1167"}],"wp:attachment":[{"href":"http:\/\/przedszkoleduczki.pl\/index.php?rest_route=%2Fwp%2Fv2%2Fmedia&parent=80"}],"curies":[{"name":"wp","href":"https:\/\/api.w.org\/{rel}","templated":true}]}}