{"id":82,"date":"2021-11-18T19:11:06","date_gmt":"2021-11-18T18:11:06","guid":{"rendered":"http:\/\/przedszkoleduczki.pl\/?page_id=82"},"modified":"2021-11-24T21:23:12","modified_gmt":"2021-11-24T20:23:12","slug":"wlasna-kuchnia","status":"publish","type":"page","link":"http:\/\/przedszkoleduczki.pl\/?page_id=82","title":{"rendered":"W\u0142asna kuchnia"},"content":{"rendered":"\n<p>Posiadamy w\u0142asn\u0105 kuchni\u0119, w kt\u00f3rej przygotowywane s\u0105 posi\u0142ki dla\u00a0dzieci,<br>zgodnej z wymogami Sanepidu i normami \u017cywieniowymi przewidzianymi dla Dzieci w wieku przedszkolnym oraz \u017c\u0142obkowym.<br>Wy\u017cywienie w Przedszkolu i \u017b\u0142obku dostosowywane jest indywidualnie do potrzeb dziecka.<br>W naszym przedszkolu respektowane s\u0105 r\u00f3wnie\u017c indywidualne diety np. dla ma\u0142ych alergik\u00f3w.\u00a0Dzieci w ka\u017cdej chwili mog\u0105 otrzyma\u0107 nap\u00f3j, je\u015bli tylko mi\u0119dzy posi\u0142kami maj\u0105 na to ochot\u0119.<br>Na pro\u015bb\u0119 Rodzica gotowane s\u0105 oddzielne posi\u0142ki wg wskaza\u0144 lekarza.<br>W przedszkolu posi\u0142ki nie s\u0105 limitowane, dzieci jedz\u0105 tyle, ile chc\u0105 zje\u015b\u0107.<br>Zawsze mog\u0105 poprosi\u0107 o dok\u0142adk\u0119. Wsp\u00f3lne spo\u017cywanie posi\u0142k\u00f3w jest okazj\u0105 do spr\u00f3bowania r\u00f3\u017cnorodnych da\u0144 jak r\u00f3wnie\u017c \u0107wiczenia zachowywania si\u0119 przy stole.<\/p>\n\n\n\n<p><strong>Jad\u0142ospis wywieszony jest w widocznym miejscu na tablicy informacyjnej.<\/strong><\/p>\n","protected":false},"excerpt":{"rendered":"<p>Posiadamy w\u0142asn\u0105 kuchni\u0119, w kt\u00f3rej przygotowywane s\u0105 posi\u0142ki dla\u00a0dzieci,zgodnej z wymogami Sanepidu i normami \u017cywieniowymi przewidzianymi dla Dzieci w wieku&hellip;<\/p>\n","protected":false},"author":1,"featured_media":0,"parent":0,"menu_order":0,"comment_status":"closed","ping_status":"closed","template":"","meta":{"footnotes":""},"class_list":["post-82","page","type-page","status-publish","hentry"],"_links":{"self":[{"href":"http:\/\/przedszkoleduczki.pl\/index.php?rest_route=\/wp\/v2\/pages\/82","targetHints":{"allow":["GET"]}}],"collection":[{"href":"http:\/\/przedszkoleduczki.pl\/index.php?rest_route=\/wp\/v2\/pages"}],"about":[{"href":"http:\/\/przedszkoleduczki.pl\/index.php?rest_route=\/wp\/v2\/types\/page"}],"author":[{"embeddable":true,"href":"http:\/\/przedszkoleduczki.pl\/index.php?rest_route=\/wp\/v2\/users\/1"}],"replies":[{"embeddable":true,"href":"http:\/\/przedszkoleduczki.pl\/index.php?rest_route=%2Fwp%2Fv2%2Fcomments&post=82"}],"version-history":[{"count":2,"href":"http:\/\/przedszkoleduczki.pl\/index.php?rest_route=\/wp\/v2\/pages\/82\/revisions"}],"predecessor-version":[{"id":379,"href":"http:\/\/przedszkoleduczki.pl\/index.php?rest_route=\/wp\/v2\/pages\/82\/revisions\/379"}],"wp:attachment":[{"href":"http:\/\/przedszkoleduczki.pl\/index.php?rest_route=%2Fwp%2Fv2%2Fmedia&parent=82"}],"curies":[{"name":"wp","href":"https:\/\/api.w.org\/{rel}","templated":true}]}}